{"id":220561,"date":"2020-09-13T19:29:41","date_gmt":"2020-09-13T22:29:41","guid":{"rendered":"https:\/\/eltrebolconstructora.com\/?page_id=220561"},"modified":"2025-07-17T15:53:12","modified_gmt":"2025-07-17T18:53:12","slug":"recursos-humanos","status":"publish","type":"page","link":"https:\/\/eltrebolconstructora.com\/?page_id=220561","title":{"rendered":"RECURSOS HUMANOS"},"content":{"rendered":"<p>[et_pb_section fb_built=\u00bb1&#8243; custom_padding_last_edited=\u00bbon|desktop\u00bb admin_label=\u00bbPage Title Section\u00bb _builder_version=\u00bb4.6.1&#8243; use_background_color_gradient=\u00bbon\u00bb background_color_gradient_start=\u00bb#042326&#8243; background_color_gradient_end=\u00bbrgba(0,0,0,0)\u00bb background_color_gradient_direction=\u00bb125deg\u00bb background_color_gradient_end_position=\u00bb71%\u00bb background_color_gradient_overlays_image=\u00bbon\u00bb background_image=\u00bbhttps:\/\/eltrebolconstructora.com\/wp-content\/uploads\/2020\/09\/WALLPAPERS-TREBOL10.jpg\u00bb background_position=\u00bbcenter_left\u00bb custom_margin_tablet=\u00bb\u00bb custom_margin_phone=\u00bb\u00bb custom_margin_last_edited=\u00bbon|desktop\u00bb custom_padding=\u00bb19px||46px||false|false\u00bb custom_padding_tablet=\u00bb\u00bb custom_padding_phone=\u00bb\u00bb locked=\u00bboff\u00bb][et_pb_row column_structure=\u00bb1_2,1_2&#8243; admin_label=\u00bbPage Title Area\u00bb _builder_version=\u00bb3.25&#8243; background_size=\u00bbinitial\u00bb background_position=\u00bbtop_left\u00bb background_repeat=\u00bbrepeat\u00bb][et_pb_column type=\u00bb1_2&#8243; _builder_version=\u00bb3.25&#8243; custom_padding=\u00bb|||\u00bb custom_padding__hover=\u00bb|||\u00bb][et_pb_text admin_label=\u00bbTitle\u00bb _builder_version=\u00bb4.4.2&#8243; text_font=\u00bb||||||||\u00bb text_font_size=\u00bb36px\u00bb header_font=\u00bbPoppins|600|||||||\u00bb header_font_size=\u00bb60px\u00bb header_line_height=\u00bb1.2em\u00bb header_2_font=\u00bb||||||||\u00bb header_2_font_size=\u00bb60px\u00bb background_layout=\u00bbdark\u00bb custom_margin=\u00bb19px||-36px||false|false\u00bb custom_margin_tablet=\u00bb-13px||9px||false|false\u00bb custom_margin_phone=\u00bb18px||-31px||false|false\u00bb custom_margin_last_edited=\u00bbon|phone\u00bb custom_padding=\u00bb0px||4px||false|false\u00bb custom_padding_tablet=\u00bb\u00bb custom_padding_phone=\u00bb0px||0px||false|false\u00bb custom_padding_last_edited=\u00bbon|desktop\u00bb animation_style=\u00bbfade\u00bb header_font_size_tablet=\u00bb\u00bb header_font_size_phone=\u00bb40px\u00bb header_font_size_last_edited=\u00bbon|phone\u00bb]<\/p>\n<h1><span style=\"font-size: xx-large;\"><strong>RECURSOS HUMANOS<br \/><\/strong><\/span><\/h1>\n<p>[\/et_pb_text][et_pb_text admin_label=\u00bbPage Subtitle\u00bb _builder_version=\u00bb4.6.1&#8243; text_font=\u00bbPoppins||||||||\u00bb text_font_size=\u00bb19px\u00bb text_letter_spacing=\u00bb7px\u00bb header_font=\u00bb||||||||\u00bb background_layout=\u00bbdark\u00bb custom_margin=\u00bb16px||-9px||false|false\u00bb custom_margin_tablet=\u00bb-28px||-183px||false|false\u00bb custom_margin_phone=\u00bb23px||-208px||false|false\u00bb custom_margin_last_edited=\u00bbon|phone\u00bb custom_padding=\u00bb||78px||false|false\u00bb custom_padding_tablet=\u00bb||0px||false|false\u00bb custom_padding_phone=\u00bb1px||14px||false|false\u00bb custom_padding_last_edited=\u00bbon|tablet\u00bb animation_style=\u00bbfade\u00bb]<\/p>\n<p>RESPETO &amp; COMPROMISO<\/p>\n<p>[\/et_pb_text][\/et_pb_column][et_pb_column type=\u00bb1_2&#8243; _builder_version=\u00bb3.25&#8243; custom_padding=\u00bb|||\u00bb custom_padding__hover=\u00bb|||\u00bb][\/et_pb_column][\/et_pb_row][\/et_pb_section][et_pb_section fb_built=\u00bb1&#8243; admin_label=\u00bbGet In Touch Section\u00bb _builder_version=\u00bb4.4.2&#8243; background_color=\u00bb#101b1e\u00bb custom_padding=\u00bb40px||40px|||\u00bb locked=\u00bboff\u00bb][et_pb_row custom_padding_last_edited=\u00bbon|desktop\u00bb _builder_version=\u00bb4.4.2&#8243; custom_margin=\u00bb-37px||-9px||false|false\u00bb custom_margin_tablet=\u00bb-43px||-18px||false|false\u00bb custom_margin_phone=\u00bb\u00bb custom_margin_last_edited=\u00bbon|tablet\u00bb custom_padding=\u00bb||10px|\u00bb custom_padding_tablet=\u00bb\u00bb custom_padding_phone=\u00bb\u00bb][et_pb_column type=\u00bb4_4&#8243; _builder_version=\u00bb3.25&#8243; custom_padding=\u00bb|||\u00bb custom_padding__hover=\u00bb|||\u00bb][et_pb_text admin_label=\u00bbTitle\u00bb _builder_version=\u00bb4.4.1&#8243; text_font=\u00bb||||||||\u00bb header_font=\u00bb||||||||\u00bb header_2_font=\u00bbPoppins|600|||||||\u00bb header_2_font_size=\u00bb36px\u00bb header_2_line_height=\u00bb1.2em\u00bb header_3_font=\u00bb||||||||\u00bb text_orientation=\u00bbcenter\u00bb background_layout=\u00bbdark\u00bb max_width=\u00bb550px\u00bb module_alignment=\u00bbcenter\u00bb custom_margin=\u00bb||0px|\u00bb animation_style=\u00bbfade\u00bb animation_direction=\u00bbleft\u00bb animation_starting_opacity=\u00bb100%\u00bb locked=\u00bboff\u00bb]<\/p>\n<h2><span style=\"font-size: x-large;\">TRABAJ\u00c1 CON NOSOTROS<\/span><\/h2>\n<p>[\/et_pb_text][et_pb_divider divider_position=\u00bbcenter\u00bb divider_weight=\u00bb3px\u00bb _builder_version=\u00bb4.4.2&#8243; max_width=\u00bb50px\u00bb module_alignment=\u00bbcenter\u00bb custom_margin=\u00bb||20px||false|false\u00bb custom_margin_tablet=\u00bb\u00bb custom_margin_phone=\u00bb\u00bb custom_margin_last_edited=\u00bbon|desktop\u00bb custom_padding_tablet=\u00bb\u00bb custom_padding_phone=\u00bb\u00bb custom_padding_last_edited=\u00bbon|desktop\u00bb animation_style=\u00bbslide\u00bb animation_direction=\u00bbtop\u00bb animation_intensity_slide=\u00bb5%\u00bb animation_starting_opacity=\u00bb100%\u00bb locked=\u00bboff\u00bb][\/et_pb_divider][et_pb_text _builder_version=\u00bb4.4.2&#8243; text_font=\u00bbNunito|600|||||||\u00bb text_text_color=\u00bbrgba(255,255,255,0.7)\u00bb text_font_size=\u00bb16px\u00bb text_line_height=\u00bb1.8em\u00bb text_orientation=\u00bbcenter\u00bb max_width=\u00bb550px\u00bb module_alignment=\u00bbcenter\u00bb custom_margin_tablet=\u00bb\u00bb custom_margin_phone=\u00bb\u00bb custom_margin_last_edited=\u00bbon|desktop\u00bb custom_padding_tablet=\u00bb\u00bb custom_padding_phone=\u00bb\u00bb custom_padding_last_edited=\u00bbon|phone\u00bb locked=\u00bboff\u00bb]<\/p>\n<p><span style=\"font-size: medium;\">En la empresa el Treb\u00f3l Constructora creemos firmemente que los recursos humanos calificados son la clave para el logro de nuestros objetivos. Por esta raz\u00f3n, buscamos personas con potencial para desarrollarse, con ganas de enfrentar desaf\u00edos y trabajar en ambientes de alto nivel de desempe\u00f1o. <\/span><\/p>\n<p>[\/et_pb_text][\/et_pb_column][\/et_pb_row][\/et_pb_section][et_pb_section fb_built=\u00bb1&#8243; admin_label=\u00bbDivider Section\u00bb _builder_version=\u00bb4.4.2&#8243; background_color=\u00bb#101b1e\u00bb custom_padding=\u00bb0px||0px|\u00bb locked=\u00bboff\u00bb][et_pb_row column_structure=\u00bb1_2,1_2&#8243; admin_label=\u00bbDivider Area\u00bb _builder_version=\u00bb4.6.1&#8243; custom_padding=\u00bb0px||0px|\u00bb][et_pb_column type=\u00bb1_2&#8243; _builder_version=\u00bb4.6.1&#8243; custom_padding=\u00bb|||\u00bb custom_padding__hover=\u00bb|||\u00bb][et_pb_contact_form captcha=\u00bboff\u00bb email=\u00bbinfo@eltrebolconstructora.com\u00bb module_id=\u00bbet_pb_contact_form_0&#8243; _builder_version=\u00bb4.6.1&#8243; form_field_text_color=\u00bb#000000&#8243; form_field_focus_background_color=\u00bb#ffffff\u00bb title_font=\u00bb||||||||\u00bb form_field_font=\u00bbPoppins||||||||\u00bb form_field_font_size=\u00bb16px\u00bb custom_button=\u00bbon\u00bb button_text_size=\u00bb14px\u00bb button_text_color=\u00bb#ffffff\u00bb button_bg_color=\u00bb#025959&#8243; button_border_width=\u00bb8px\u00bb button_border_color=\u00bb#025959&#8243; button_border_radius=\u00bb0px\u00bb button_letter_spacing=\u00bb2px\u00bb button_font=\u00bbPoppins|600||on|||||\u00bb button_icon=\u00bb%%3%%\u00bb max_width=\u00bb750px\u00bb module_alignment=\u00bbcenter\u00bb animation_style=\u00bbfade\u00bb button_letter_spacing_hover=\u00bb2px\u00bb][et_pb_contact_field field_id=\u00bbNOMBRE\u00bb field_title=\u00bbNOMBRE\u00bb fullwidth_field=\u00bbon\u00bb _builder_version=\u00bb4.6.1&#8243; button_text_size__hover_enabled=\u00bboff\u00bb button_one_text_size__hover_enabled=\u00bboff\u00bb button_two_text_size__hover_enabled=\u00bboff\u00bb button_text_color__hover_enabled=\u00bboff\u00bb button_one_text_color__hover_enabled=\u00bboff\u00bb button_two_text_color__hover_enabled=\u00bboff\u00bb button_border_width__hover_enabled=\u00bboff\u00bb button_one_border_width__hover_enabled=\u00bboff\u00bb button_two_border_width__hover_enabled=\u00bboff\u00bb button_border_color__hover_enabled=\u00bboff\u00bb button_one_border_color__hover_enabled=\u00bboff\u00bb button_two_border_color__hover_enabled=\u00bboff\u00bb button_border_radius__hover_enabled=\u00bboff\u00bb button_one_border_radius__hover_enabled=\u00bboff\u00bb button_two_border_radius__hover_enabled=\u00bboff\u00bb button_letter_spacing__hover_enabled=\u00bboff\u00bb button_one_letter_spacing__hover_enabled=\u00bboff\u00bb button_two_letter_spacing__hover_enabled=\u00bboff\u00bb button_bg_color__hover_enabled=\u00bboff\u00bb button_one_bg_color__hover_enabled=\u00bboff\u00bb button_two_bg_color__hover_enabled=\u00bboff\u00bb][\/et_pb_contact_field][et_pb_contact_field field_id=\u00bbAPELLIDO\u00bb field_title=\u00bbAPELLIDO\u00bb fullwidth_field=\u00bbon\u00bb _builder_version=\u00bb4.6.1&#8243; button_text_size__hover_enabled=\u00bboff\u00bb button_one_text_size__hover_enabled=\u00bboff\u00bb button_two_text_size__hover_enabled=\u00bboff\u00bb button_text_color__hover_enabled=\u00bboff\u00bb button_one_text_color__hover_enabled=\u00bboff\u00bb button_two_text_color__hover_enabled=\u00bboff\u00bb button_border_width__hover_enabled=\u00bboff\u00bb button_one_border_width__hover_enabled=\u00bboff\u00bb button_two_border_width__hover_enabled=\u00bboff\u00bb button_border_color__hover_enabled=\u00bboff\u00bb button_one_border_color__hover_enabled=\u00bboff\u00bb button_two_border_color__hover_enabled=\u00bboff\u00bb button_border_radius__hover_enabled=\u00bboff\u00bb button_one_border_radius__hover_enabled=\u00bboff\u00bb button_two_border_radius__hover_enabled=\u00bboff\u00bb button_letter_spacing__hover_enabled=\u00bboff\u00bb button_one_letter_spacing__hover_enabled=\u00bboff\u00bb button_two_letter_spacing__hover_enabled=\u00bboff\u00bb button_bg_color__hover_enabled=\u00bboff\u00bb button_one_bg_color__hover_enabled=\u00bboff\u00bb button_two_bg_color__hover_enabled=\u00bboff\u00bb][\/et_pb_contact_field][et_pb_contact_field field_id=\u00bbMAIL\u00bb field_title=\u00bbMAIL\u00bb field_type=\u00bbemail\u00bb fullwidth_field=\u00bbon\u00bb _builder_version=\u00bb4.6.1&#8243; button_text_size__hover_enabled=\u00bboff\u00bb button_one_text_size__hover_enabled=\u00bboff\u00bb button_two_text_size__hover_enabled=\u00bboff\u00bb button_text_color__hover_enabled=\u00bboff\u00bb button_one_text_color__hover_enabled=\u00bboff\u00bb button_two_text_color__hover_enabled=\u00bboff\u00bb button_border_width__hover_enabled=\u00bboff\u00bb button_one_border_width__hover_enabled=\u00bboff\u00bb button_two_border_width__hover_enabled=\u00bboff\u00bb button_border_color__hover_enabled=\u00bboff\u00bb button_one_border_color__hover_enabled=\u00bboff\u00bb button_two_border_color__hover_enabled=\u00bboff\u00bb button_border_radius__hover_enabled=\u00bboff\u00bb button_one_border_radius__hover_enabled=\u00bboff\u00bb button_two_border_radius__hover_enabled=\u00bboff\u00bb button_letter_spacing__hover_enabled=\u00bboff\u00bb button_one_letter_spacing__hover_enabled=\u00bboff\u00bb button_two_letter_spacing__hover_enabled=\u00bboff\u00bb button_bg_color__hover_enabled=\u00bboff\u00bb button_one_bg_color__hover_enabled=\u00bboff\u00bb button_two_bg_color__hover_enabled=\u00bboff\u00bb][\/et_pb_contact_field][et_pb_contact_field field_id=\u00bbTITULO\u00bb field_title=\u00bbTITULO\u00bb field_type=\u00bbselect\u00bb select_options=\u00bb%91{%22value%22:%22INGENIERO\/A CIVIL%22,%22checked%22:0,%22dragID%22:-1},{%22value%22:%22ARQUITECTO\/A%22,%22checked%22:0,%22dragID%22:0},{%22value%22:%22ADMINISTRATIVO %22,%22checked%22:0,%22dragID%22:1},{%22value%22:%22MAQUINISTAS \/ CHOFERES%22,%22checked%22:0,%22dragID%22:2},{%22value%22:%22CARPINTERIA METALICA\/MADERA\/ALUMINIO%22,%22checked%22:0,%22dragID%22:3},{%22value%22:%22LOGISTICA%22,%22checked%22:0,%22dragID%22:4},{%22value%22:%22DEPOSITO%22,%22checked%22:0,%22dragID%22:5},{%22value%22:%22CONTABLE%22,%22checked%22:0,%22dragID%22:6},{%22value%22:%22CARPINTERIA METALICA|ALUMINIO|MADERA%22,%22checked%22:0,%22dragID%22:7},{%22value%22:%22J\u00d3VENES PROFESIONALES O ESTUDIANTES AVANZADOS DE INGENIER\u00cdA%22,%22checked%22:0,%22dragID%22:8}%93&#8243; fullwidth_field=\u00bbon\u00bb _builder_version=\u00bb4.6.1&#8243; button_text_size__hover_enabled=\u00bboff\u00bb button_one_text_size__hover_enabled=\u00bboff\u00bb button_two_text_size__hover_enabled=\u00bboff\u00bb button_text_color__hover_enabled=\u00bboff\u00bb button_one_text_color__hover_enabled=\u00bboff\u00bb button_two_text_color__hover_enabled=\u00bboff\u00bb button_border_width__hover_enabled=\u00bboff\u00bb button_one_border_width__hover_enabled=\u00bboff\u00bb button_two_border_width__hover_enabled=\u00bboff\u00bb button_border_color__hover_enabled=\u00bboff\u00bb button_one_border_color__hover_enabled=\u00bboff\u00bb button_two_border_color__hover_enabled=\u00bboff\u00bb button_border_radius__hover_enabled=\u00bboff\u00bb button_one_border_radius__hover_enabled=\u00bboff\u00bb button_two_border_radius__hover_enabled=\u00bboff\u00bb button_letter_spacing__hover_enabled=\u00bboff\u00bb button_one_letter_spacing__hover_enabled=\u00bboff\u00bb button_two_letter_spacing__hover_enabled=\u00bboff\u00bb button_bg_color__hover_enabled=\u00bboff\u00bb button_one_bg_color__hover_enabled=\u00bboff\u00bb button_two_bg_color__hover_enabled=\u00bboff\u00bb][\/et_pb_contact_field][et_pb_contact_field field_id=\u00bbMENSAJE\u00bb field_title=\u00bbMENSAJE\u00bb field_type=\u00bbtext\u00bb fullwidth_field=\u00bbon\u00bb _builder_version=\u00bb4.4.1&#8243; button_text_size__hover_enabled=\u00bboff\u00bb button_one_text_size__hover_enabled=\u00bboff\u00bb button_two_text_size__hover_enabled=\u00bboff\u00bb button_text_color__hover_enabled=\u00bboff\u00bb button_one_text_color__hover_enabled=\u00bboff\u00bb button_two_text_color__hover_enabled=\u00bboff\u00bb button_border_width__hover_enabled=\u00bboff\u00bb button_one_border_width__hover_enabled=\u00bboff\u00bb button_two_border_width__hover_enabled=\u00bboff\u00bb button_border_color__hover_enabled=\u00bboff\u00bb button_one_border_color__hover_enabled=\u00bboff\u00bb button_two_border_color__hover_enabled=\u00bboff\u00bb button_border_radius__hover_enabled=\u00bboff\u00bb button_one_border_radius__hover_enabled=\u00bboff\u00bb button_two_border_radius__hover_enabled=\u00bboff\u00bb button_letter_spacing__hover_enabled=\u00bboff\u00bb button_one_letter_spacing__hover_enabled=\u00bboff\u00bb button_two_letter_spacing__hover_enabled=\u00bboff\u00bb button_bg_color__hover_enabled=\u00bboff\u00bb button_one_bg_color__hover_enabled=\u00bboff\u00bb button_two_bg_color__hover_enabled=\u00bboff\u00bb][\/et_pb_contact_field][et_pb_contact_field field_id=\u00bbVericaci\u00f3n_de_Casilla\u00bb field_title=\u00bbAceptar \u00bb field_type=\u00bbcheckbox\u00bb checkbox_options=\u00bb%91{%22value%22:%22Acepto las politicas de privacidad%22,%22checked%22:1,%22dragID%22:-1}%93&#8243; fullwidth_field=\u00bbon\u00bb _builder_version=\u00bb4.6.1&#8243; _module_preset=\u00bbdefault\u00bb form_field_background_color=\u00bb#ffffff\u00bb form_field_text_color=\u00bb#ffffff\u00bb form_field_focus_background_color=\u00bb#025959&#8243; form_field_focus_text_color=\u00bb#ffffff\u00bb form_field_font_size=\u00bb15px\u00bb custom_padding=\u00bb0px||||false|false\u00bb][\/et_pb_contact_field][\/et_pb_contact_form][\/et_pb_column][et_pb_column type=\u00bb1_2&#8243; _builder_version=\u00bb4.4.1&#8243;][\/et_pb_column][\/et_pb_row][\/et_pb_section][et_pb_section fb_built=\u00bb1&#8243; admin_label=\u00bbWork Process Section\u00bb _builder_version=\u00bb4.4.2&#8243; background_color=\u00bb#101b1e\u00bb custom_padding=\u00bb21px|0px|23px|0px||\u00bb locked=\u00bboff\u00bb][et_pb_row column_structure=\u00bb1_4,1_4,1_4,1_4&#8243; admin_label=\u00bbWork Process\u00bb _builder_version=\u00bb3.25&#8243;][et_pb_column type=\u00bb1_4&#8243; _builder_version=\u00bb3.25&#8243; custom_padding=\u00bb|||\u00bb custom_padding__hover=\u00bb|||\u00bb][et_pb_blurb title=\u00bbDIRECCI\u00d3N\u00bb image=\u00bbhttps:\/\/eltrebolconstructora.com\/wp-content\/uploads\/2020\/04\/CASA.png\u00bb admin_label=\u00bbStep\u00bb _builder_version=\u00bb4.4.2&#8243; header_level=\u00bbh6&#8243; header_font=\u00bbUbuntu|600|||||||\u00bb header_text_align=\u00bbcenter\u00bb header_text_color=\u00bb#ffffff\u00bb header_font_size=\u00bb16px\u00bb header_line_height=\u00bb1.7em\u00bb body_font=\u00bbUbuntu||||||||\u00bb body_text_align=\u00bbcenter\u00bb body_text_color=\u00bbrgba(255,255,255,0.5)\u00bb body_line_height=\u00bb1.8em\u00bb custom_padding=\u00bb|||\u00bb animation_style=\u00bbslide\u00bb animation_direction=\u00bbbottom\u00bb animation_intensity_slide=\u00bb20%\u00bb animation=\u00bboff\u00bb border_radii=\u00bbon|5px|5px|5px|5px\u00bb]<\/p>\n<p><span style=\"font-size: small; color: #ffffff;\">Los Quebrachales 920 &#8211; B\u00ba Chijra<\/span><br \/> <span style=\"font-size: small; color: #ffffff;\"> San Salvador de Jujuy &#8211; Argentina<\/span><\/p>\n<p>[\/et_pb_blurb][\/et_pb_column][et_pb_column type=\u00bb1_4&#8243; _builder_version=\u00bb3.25&#8243; custom_padding=\u00bb|||\u00bb custom_padding__hover=\u00bb|||\u00bb][et_pb_blurb title=\u00bbTEL\u00c9FONOS\u00bb image=\u00bbhttps:\/\/eltrebolconstructora.com\/wp-content\/uploads\/2020\/04\/TELEFONO.png\u00bb admin_label=\u00bbStep\u00bb _builder_version=\u00bb4.4.2&#8243; header_level=\u00bbh6&#8243; header_font=\u00bbUbuntu|600|||||||\u00bb header_text_align=\u00bbcenter\u00bb header_text_color=\u00bb#ffffff\u00bb header_font_size=\u00bb16px\u00bb header_line_height=\u00bb1.7em\u00bb body_font=\u00bbUbuntu||||||||\u00bb body_text_align=\u00bbcenter\u00bb body_text_color=\u00bbrgba(255,255,255,0.5)\u00bb body_line_height=\u00bb1.8em\u00bb custom_padding=\u00bb|||\u00bb animation_style=\u00bbslide\u00bb animation_direction=\u00bbbottom\u00bb animation_delay=\u00bb100ms\u00bb animation_intensity_slide=\u00bb20%\u00bb animation=\u00bboff\u00bb border_radii=\u00bbon|5px|5px|5px|5px\u00bb]<\/p>\n<p><span style=\"font-size: small; color: #ffffff;\">+54 388 4264443<br \/> +54 388 4264396<br \/> +54 9 388 5730451<\/span><\/p>\n<p>[\/et_pb_blurb][\/et_pb_column][et_pb_column type=\u00bb1_4&#8243; _builder_version=\u00bb3.25&#8243; custom_padding=\u00bb|||\u00bb custom_padding__hover=\u00bb|||\u00bb][et_pb_blurb title=\u00bbCORREOS\u00bb image=\u00bbhttps:\/\/eltrebolconstructora.com\/wp-content\/uploads\/2020\/04\/CORREO.png\u00bb admin_label=\u00bbStep\u00bb _builder_version=\u00bb4.4.2&#8243; header_level=\u00bbh6&#8243; header_font=\u00bbUbuntu|600|||||||\u00bb header_text_align=\u00bbcenter\u00bb header_text_color=\u00bb#ffffff\u00bb header_font_size=\u00bb16px\u00bb header_line_height=\u00bb1.7em\u00bb body_font=\u00bbUbuntu||||||||\u00bb body_text_align=\u00bbcenter\u00bb body_text_color=\u00bbrgba(255,255,255,0.5)\u00bb body_line_height=\u00bb1.8em\u00bb custom_padding=\u00bb|||\u00bb animation_style=\u00bbslide\u00bb animation_direction=\u00bbbottom\u00bb animation_delay=\u00bb200ms\u00bb animation_intensity_slide=\u00bb20%\u00bb animation=\u00bboff\u00bb border_radii=\u00bbon|5px|5px|5px|5px\u00bb]<\/p>\n<p><span style=\"font-size: small; color: #ffffff;\">info@eltrebolconstructora.com<\/span><br \/><span style=\"font-size: small; color: #ffffff;\"> tecnico@eltrebolconstructora.com<\/span><\/p>\n<p>[\/et_pb_blurb][\/et_pb_column][et_pb_column type=\u00bb1_4&#8243; _builder_version=\u00bb3.25&#8243; custom_padding=\u00bb|||\u00bb custom_padding__hover=\u00bb|||\u00bb][et_pb_blurb title=\u00bbHORARIO\u00bb image=\u00bbhttps:\/\/eltrebolconstructora.com\/wp-content\/uploads\/2020\/04\/RELOJ.png\u00bb admin_label=\u00bbStep\u00bb _builder_version=\u00bb4.4.2&#8243; header_level=\u00bbh6&#8243; header_font=\u00bbUbuntu|600|||||||\u00bb header_text_align=\u00bbcenter\u00bb header_text_color=\u00bb#ffffff\u00bb header_font_size=\u00bb16px\u00bb header_line_height=\u00bb1.7em\u00bb body_font=\u00bbUbuntu||||||||\u00bb body_text_align=\u00bbcenter\u00bb body_text_color=\u00bbrgba(255,255,255,0.5)\u00bb body_line_height=\u00bb1.8em\u00bb custom_padding=\u00bb|||\u00bb animation_style=\u00bbslide\u00bb animation_direction=\u00bbbottom\u00bb animation_delay=\u00bb300ms\u00bb animation_intensity_slide=\u00bb20%\u00bb animation=\u00bboff\u00bb border_radii=\u00bbon|5px|5px|5px|5px\u00bb]<\/p>\n<h2><span style=\"color: #ffffff;\"><span style=\"font-size: small;\">Lunes a Viernes<br \/> Hs. 08:00 a 12:30<br \/> Hs. 14:30 a 19:00<br \/> S\u00e1bado Hs. 08:30 a 13:00<\/span><\/span><\/h2>\n<p>[\/et_pb_blurb][\/et_pb_column][\/et_pb_row][\/et_pb_section]<\/p>\n","protected":false},"excerpt":{"rendered":"<p>RECURSOS HUMANOSRESPETO &amp; COMPROMISOTRABAJ\u00c1 CON NOSOTROSEn la empresa el Treb\u00f3l Constructora creemos firmemente que los recursos humanos calificados son la clave para el logro de nuestros objetivos. Por esta raz\u00f3n, buscamos personas con potencial para desarrollarse, con ganas de enfrentar desaf\u00edos y trabajar en ambientes de alto nivel de desempe\u00f1o. Los Quebrachales 920 &#8211; B\u00ba [&hellip;]<\/p>\n","protected":false},"author":1,"featured_media":0,"parent":0,"menu_order":0,"comment_status":"closed","ping_status":"closed","template":"","meta":{"_et_pb_use_builder":"on","_et_pb_old_content":"<!-- wp:divi\/placeholder \/-->","_et_gb_content_width":"","footnotes":""},"class_list":["post-220561","page","type-page","status-publish","hentry"],"_links":{"self":[{"href":"https:\/\/eltrebolconstructora.com\/index.php?rest_route=\/wp\/v2\/pages\/220561","targetHints":{"allow":["GET"]}}],"collection":[{"href":"https:\/\/eltrebolconstructora.com\/index.php?rest_route=\/wp\/v2\/pages"}],"about":[{"href":"https:\/\/eltrebolconstructora.com\/index.php?rest_route=\/wp\/v2\/types\/page"}],"author":[{"embeddable":true,"href":"https:\/\/eltrebolconstructora.com\/index.php?rest_route=\/wp\/v2\/users\/1"}],"replies":[{"embeddable":true,"href":"https:\/\/eltrebolconstructora.com\/index.php?rest_route=%2Fwp%2Fv2%2Fcomments&post=220561"}],"version-history":[{"count":23,"href":"https:\/\/eltrebolconstructora.com\/index.php?rest_route=\/wp\/v2\/pages\/220561\/revisions"}],"predecessor-version":[{"id":220696,"href":"https:\/\/eltrebolconstructora.com\/index.php?rest_route=\/wp\/v2\/pages\/220561\/revisions\/220696"}],"wp:attachment":[{"href":"https:\/\/eltrebolconstructora.com\/index.php?rest_route=%2Fwp%2Fv2%2Fmedia&parent=220561"}],"curies":[{"name":"wp","href":"https:\/\/api.w.org\/{rel}","templated":true}]}}